{"id":22747,"date":"2025-08-17T15:26:22","date_gmt":"2025-08-17T14:26:22","guid":{"rendered":"https:\/\/sukkatshalom-bneinoach.com\/?page_id=22747"},"modified":"2026-03-16T10:37:10","modified_gmt":"2026-03-16T09:37:10","slug":"activities","status":"publish","type":"page","link":"https:\/\/sukkatshalom-bneinoach.com\/es\/activities\/","title":{"rendered":"Actividades"},"content":{"rendered":"","protected":false},"excerpt":{"rendered":"","protected":false},"author":1,"featured_media":0,"parent":0,"menu_order":0,"comment_status":"closed","ping_status":"closed","template":"","meta":{"_acf_changed":false,"footnotes":""},"class_list":["post-22747","page","type-page","status-publish","hentry"],"acf":[],"yoast_head":"<!-- This site is optimized with the Yoast SEO plugin v25.7 - https:\/\/yoast.com\/wordpress\/plugins\/seo\/ -->\n<title>Activities - Sukkat Shalom B&#039;nei Noach<\/title>\n<meta name=\"robots\" content=\"index, follow, max-snippet:-1, max-image-preview:large, max-video-preview:-1\" \/>\n<link rel=\"canonical\" href=\"https:\/\/sukkatshalom-bneinoach.com\/es\/activities\/\" \/>\n<meta property=\"og:locale\" content=\"es_ES\" \/>\n<meta property=\"og:type\" content=\"article\" \/>\n<meta property=\"og:title\" content=\"Activities - Sukkat Shalom B&#039;nei Noach\" \/>\n<meta property=\"og:url\" content=\"https:\/\/sukkatshalom-bneinoach.com\/es\/activities\/\" \/>\n<meta property=\"og:site_name\" content=\"Sukkat Shalom B&#039;nei Noach\" \/>\n<meta property=\"article:modified_time\" content=\"2026-03-16T09:37:10+00:00\" \/>\n<meta name=\"twitter:card\" content=\"summary_large_image\" \/>\n<script type=\"application\/ld+json\" class=\"yoast-schema-graph\">{\"@context\":\"https:\/\/schema.org\",\"@graph\":[{\"@type\":\"WebPage\",\"@id\":\"https:\/\/sukkatshalom-bneinoach.com\/activities\/\",\"url\":\"https:\/\/sukkatshalom-bneinoach.com\/activities\/\",\"name\":\"Activities - Sukkat Shalom B&#039;nei Noach\",\"isPartOf\":{\"@id\":\"https:\/\/sukkatshalom-bneinoach.com\/it\/#website\"},\"datePublished\":\"2025-08-17T14:26:22+00:00\",\"dateModified\":\"2026-03-16T09:37:10+00:00\",\"breadcrumb\":{\"@id\":\"https:\/\/sukkatshalom-bneinoach.com\/activities\/#breadcrumb\"},\"inLanguage\":\"es\",\"potentialAction\":[{\"@type\":\"ReadAction\",\"target\":[\"https:\/\/sukkatshalom-bneinoach.com\/activities\/\"]}]},{\"@type\":\"BreadcrumbList\",\"@id\":\"https:\/\/sukkatshalom-bneinoach.com\/activities\/#breadcrumb\",\"itemListElement\":[{\"@type\":\"ListItem\",\"position\":1,\"name\":\"Home\",\"item\":\"https:\/\/sukkatshalom-bneinoach.com\/\"},{\"@type\":\"ListItem\",\"position\":2,\"name\":\"Activities\"}]},{\"@type\":\"WebSite\",\"@id\":\"https:\/\/sukkatshalom-bneinoach.com\/it\/#website\",\"url\":\"https:\/\/sukkatshalom-bneinoach.com\/it\/\",\"name\":\"Sukkat Shalom B&#039;nei Noach\",\"description\":\"Sukkat Shalom is an international community of B&#039;nei Noach - Noahides, where you can find information about Noahism and Judaism.\",\"potentialAction\":[{\"@type\":\"SearchAction\",\"target\":{\"@type\":\"EntryPoint\",\"urlTemplate\":\"https:\/\/sukkatshalom-bneinoach.com\/it\/?s={search_term_string}\"},\"query-input\":{\"@type\":\"PropertyValueSpecification\",\"valueRequired\":true,\"valueName\":\"search_term_string\"}}],\"inLanguage\":\"es\"}]}<\/script>\n<!-- \/ Yoast SEO plugin. -->","yoast_head_json":{"title":"Activities - Sukkat Shalom B&#039;nei Noach","robots":{"index":"index","follow":"follow","max-snippet":"max-snippet:-1","max-image-preview":"max-image-preview:large","max-video-preview":"max-video-preview:-1"},"canonical":"https:\/\/sukkatshalom-bneinoach.com\/es\/activities\/","og_locale":"es_ES","og_type":"article","og_title":"Activities - Sukkat Shalom B&#039;nei Noach","og_url":"https:\/\/sukkatshalom-bneinoach.com\/es\/activities\/","og_site_name":"Sukkat Shalom B&#039;nei Noach","article_modified_time":"2026-03-16T09:37:10+00:00","twitter_card":"summary_large_image","schema":{"@context":"https:\/\/schema.org","@graph":[{"@type":"WebPage","@id":"https:\/\/sukkatshalom-bneinoach.com\/activities\/","url":"https:\/\/sukkatshalom-bneinoach.com\/activities\/","name":"Activities - Sukkat Shalom B&#039;nei Noach","isPartOf":{"@id":"https:\/\/sukkatshalom-bneinoach.com\/it\/#website"},"datePublished":"2025-08-17T14:26:22+00:00","dateModified":"2026-03-16T09:37:10+00:00","breadcrumb":{"@id":"https:\/\/sukkatshalom-bneinoach.com\/activities\/#breadcrumb"},"inLanguage":"es","potentialAction":[{"@type":"ReadAction","target":["https:\/\/sukkatshalom-bneinoach.com\/activities\/"]}]},{"@type":"BreadcrumbList","@id":"https:\/\/sukkatshalom-bneinoach.com\/activities\/#breadcrumb","itemListElement":[{"@type":"ListItem","position":1,"name":"Home","item":"https:\/\/sukkatshalom-bneinoach.com\/"},{"@type":"ListItem","position":2,"name":"Activities"}]},{"@type":"WebSite","@id":"https:\/\/sukkatshalom-bneinoach.com\/it\/#website","url":"https:\/\/sukkatshalom-bneinoach.com\/it\/","name":"Sucat Shalom B&#039;nei Noaj","description":"Sukkat Shalom es una comunidad internacional de B&amp;#039;nei Noach - No\u00e1jidas, donde podr\u00e1s encontrar informaci\u00f3n sobre el noajismo y el juda\u00edsmo.","potentialAction":[{"@type":"SearchAction","target":{"@type":"EntryPoint","urlTemplate":"https:\/\/sukkatshalom-bneinoach.com\/it\/?s={search_term_string}"},"query-input":{"@type":"PropertyValueSpecification","valueRequired":true,"valueName":"search_term_string"}}],"inLanguage":"es"}]}},"_links":{"self":[{"href":"https:\/\/sukkatshalom-bneinoach.com\/es\/wp-json\/wp\/v2\/pages\/22747","targetHints":{"allow":["GET"]}}],"collection":[{"href":"https:\/\/sukkatshalom-bneinoach.com\/es\/wp-json\/wp\/v2\/pages"}],"about":[{"href":"https:\/\/sukkatshalom-bneinoach.com\/es\/wp-json\/wp\/v2\/types\/page"}],"author":[{"embeddable":true,"href":"https:\/\/sukkatshalom-bneinoach.com\/es\/wp-json\/wp\/v2\/users\/1"}],"replies":[{"embeddable":true,"href":"https:\/\/sukkatshalom-bneinoach.com\/es\/wp-json\/wp\/v2\/comments?post=22747"}],"version-history":[{"count":3,"href":"https:\/\/sukkatshalom-bneinoach.com\/es\/wp-json\/wp\/v2\/pages\/22747\/revisions"}],"predecessor-version":[{"id":24212,"href":"https:\/\/sukkatshalom-bneinoach.com\/es\/wp-json\/wp\/v2\/pages\/22747\/revisions\/24212"}],"wp:attachment":[{"href":"https:\/\/sukkatshalom-bneinoach.com\/es\/wp-json\/wp\/v2\/media?parent=22747"}],"curies":[{"name":"wp","href":"https:\/\/api.w.org\/{rel}","templated":true}]}}