{"id":22742,"date":"2025-08-17T15:22:58","date_gmt":"2025-08-17T14:22:58","guid":{"rendered":"https:\/\/sukkatshalom-bneinoach.com\/?page_id=22742"},"modified":"2026-02-15T20:16:14","modified_gmt":"2026-02-15T19:16:14","slug":"home-2","status":"publish","type":"page","link":"https:\/\/sukkatshalom-bneinoach.com\/fr\/","title":{"rendered":"Accueil"},"content":{"rendered":"","protected":false},"excerpt":{"rendered":"","protected":false},"author":1,"featured_media":21726,"parent":0,"menu_order":0,"comment_status":"closed","ping_status":"closed","template":"","meta":{"_acf_changed":false,"footnotes":""},"class_list":["post-22742","page","type-page","status-publish","has-post-thumbnail","hentry"],"acf":[],"yoast_head":"<!-- This site is optimized with the Yoast SEO plugin v25.7 - https:\/\/yoast.com\/wordpress\/plugins\/seo\/ -->\n<title>Home - Sukkat Shalom B&#039;nei Noach<\/title>\n<meta name=\"robots\" content=\"index, follow, max-snippet:-1, max-image-preview:large, max-video-preview:-1\" \/>\n<link rel=\"canonical\" href=\"https:\/\/sukkatshalom-bneinoach.com\/fr\/\" \/>\n<meta property=\"og:locale\" content=\"fr_FR\" \/>\n<meta property=\"og:type\" content=\"article\" \/>\n<meta property=\"og:title\" content=\"Home - Sukkat Shalom B&#039;nei Noach\" \/>\n<meta property=\"og:url\" content=\"https:\/\/sukkatshalom-bneinoach.com\/fr\/\" \/>\n<meta property=\"og:site_name\" content=\"Sukkat Shalom B&#039;nei Noach\" \/>\n<meta property=\"article:modified_time\" content=\"2026-02-15T19:16:14+00:00\" \/>\n<meta property=\"og:image\" content=\"https:\/\/sukkatshalom-bneinoach.com\/wp-content\/uploads\/2025\/07\/star.jpg\" \/>\n\t<meta property=\"og:image:width\" content=\"1000\" \/>\n\t<meta property=\"og:image:height\" content=\"706\" \/>\n\t<meta property=\"og:image:type\" content=\"image\/jpeg\" \/>\n<meta name=\"twitter:card\" content=\"summary_large_image\" \/>\n<meta name=\"twitter:label1\" content=\"Dur\u00e9e de lecture estim\u00e9e\" \/>\n\t<meta name=\"twitter:data1\" content=\"1 minute\" \/>\n<script type=\"application\/ld+json\" class=\"yoast-schema-graph\">{\"@context\":\"https:\/\/schema.org\",\"@graph\":[{\"@type\":\"WebPage\",\"@id\":\"https:\/\/sukkatshalom-bneinoach.com\/\",\"url\":\"https:\/\/sukkatshalom-bneinoach.com\/\",\"name\":\"Home - Sukkat Shalom B&#039;nei Noach\",\"isPartOf\":{\"@id\":\"https:\/\/sukkatshalom-bneinoach.com\/it\/#website\"},\"primaryImageOfPage\":{\"@id\":\"https:\/\/sukkatshalom-bneinoach.com\/#primaryimage\"},\"image\":{\"@id\":\"https:\/\/sukkatshalom-bneinoach.com\/#primaryimage\"},\"thumbnailUrl\":\"https:\/\/sukkatshalom-bneinoach.com\/wp-content\/uploads\/2025\/07\/star.jpg\",\"datePublished\":\"2025-08-17T14:22:58+00:00\",\"dateModified\":\"2026-02-15T19:16:14+00:00\",\"breadcrumb\":{\"@id\":\"https:\/\/sukkatshalom-bneinoach.com\/#breadcrumb\"},\"inLanguage\":\"fr-FR\",\"potentialAction\":[{\"@type\":\"ReadAction\",\"target\":[\"https:\/\/sukkatshalom-bneinoach.com\/\"]}]},{\"@type\":\"ImageObject\",\"inLanguage\":\"fr-FR\",\"@id\":\"https:\/\/sukkatshalom-bneinoach.com\/#primaryimage\",\"url\":\"https:\/\/sukkatshalom-bneinoach.com\/wp-content\/uploads\/2025\/07\/star.jpg\",\"contentUrl\":\"https:\/\/sukkatshalom-bneinoach.com\/wp-content\/uploads\/2025\/07\/star.jpg\",\"width\":1000,\"height\":706},{\"@type\":\"BreadcrumbList\",\"@id\":\"https:\/\/sukkatshalom-bneinoach.com\/#breadcrumb\",\"itemListElement\":[{\"@type\":\"ListItem\",\"position\":1,\"name\":\"Home\",\"item\":\"https:\/\/sukkatshalom-bneinoach.com\/\"},{\"@type\":\"ListItem\",\"position\":2,\"name\":\"Home\"}]},{\"@type\":\"WebSite\",\"@id\":\"https:\/\/sukkatshalom-bneinoach.com\/it\/#website\",\"url\":\"https:\/\/sukkatshalom-bneinoach.com\/it\/\",\"name\":\"Sukkat Shalom B&#039;nei Noach\",\"description\":\"Sukkat Shalom is an international community of B&#039;nei Noach - Noahides, where you can find information about Noahism and Judaism.\",\"potentialAction\":[{\"@type\":\"SearchAction\",\"target\":{\"@type\":\"EntryPoint\",\"urlTemplate\":\"https:\/\/sukkatshalom-bneinoach.com\/it\/?s={search_term_string}\"},\"query-input\":{\"@type\":\"PropertyValueSpecification\",\"valueRequired\":true,\"valueName\":\"search_term_string\"}}],\"inLanguage\":\"fr-FR\"}]}<\/script>\n<!-- \/ Yoast SEO plugin. -->","yoast_head_json":{"title":"Home - Sukkat Shalom B&#039;nei Noach","robots":{"index":"index","follow":"follow","max-snippet":"max-snippet:-1","max-image-preview":"max-image-preview:large","max-video-preview":"max-video-preview:-1"},"canonical":"https:\/\/sukkatshalom-bneinoach.com\/fr\/","og_locale":"fr_FR","og_type":"article","og_title":"Home - Sukkat Shalom B&#039;nei Noach","og_url":"https:\/\/sukkatshalom-bneinoach.com\/fr\/","og_site_name":"Sukkat Shalom B&#039;nei Noach","article_modified_time":"2026-02-15T19:16:14+00:00","og_image":[{"width":1000,"height":706,"url":"https:\/\/sukkatshalom-bneinoach.com\/wp-content\/uploads\/2025\/07\/star.jpg","type":"image\/jpeg"}],"twitter_card":"summary_large_image","twitter_misc":{"Dur\u00e9e de lecture estim\u00e9e":"1 minute"},"schema":{"@context":"https:\/\/schema.org","@graph":[{"@type":"WebPage","@id":"https:\/\/sukkatshalom-bneinoach.com\/","url":"https:\/\/sukkatshalom-bneinoach.com\/","name":"Home - Sukkat Shalom B&#039;nei Noach","isPartOf":{"@id":"https:\/\/sukkatshalom-bneinoach.com\/it\/#website"},"primaryImageOfPage":{"@id":"https:\/\/sukkatshalom-bneinoach.com\/#primaryimage"},"image":{"@id":"https:\/\/sukkatshalom-bneinoach.com\/#primaryimage"},"thumbnailUrl":"https:\/\/sukkatshalom-bneinoach.com\/wp-content\/uploads\/2025\/07\/star.jpg","datePublished":"2025-08-17T14:22:58+00:00","dateModified":"2026-02-15T19:16:14+00:00","breadcrumb":{"@id":"https:\/\/sukkatshalom-bneinoach.com\/#breadcrumb"},"inLanguage":"fr-FR","potentialAction":[{"@type":"ReadAction","target":["https:\/\/sukkatshalom-bneinoach.com\/"]}]},{"@type":"ImageObject","inLanguage":"fr-FR","@id":"https:\/\/sukkatshalom-bneinoach.com\/#primaryimage","url":"https:\/\/sukkatshalom-bneinoach.com\/wp-content\/uploads\/2025\/07\/star.jpg","contentUrl":"https:\/\/sukkatshalom-bneinoach.com\/wp-content\/uploads\/2025\/07\/star.jpg","width":1000,"height":706},{"@type":"BreadcrumbList","@id":"https:\/\/sukkatshalom-bneinoach.com\/#breadcrumb","itemListElement":[{"@type":"ListItem","position":1,"name":"Home","item":"https:\/\/sukkatshalom-bneinoach.com\/"},{"@type":"ListItem","position":2,"name":"Home"}]},{"@type":"WebSite","@id":"https:\/\/sukkatshalom-bneinoach.com\/it\/#website","url":"https:\/\/sukkatshalom-bneinoach.com\/it\/","name":"Sukkat Shalom B&#039;nei Noach","description":"Sukkat Shalom est une communaut\u00e9 internationale de B&#039;nei Noach - Noahides, o\u00f9 vous pouvez trouver des informations sur le noachisme et le juda\u00efsme.","potentialAction":[{"@type":"SearchAction","target":{"@type":"EntryPoint","urlTemplate":"https:\/\/sukkatshalom-bneinoach.com\/it\/?s={search_term_string}"},"query-input":{"@type":"PropertyValueSpecification","valueRequired":true,"valueName":"search_term_string"}}],"inLanguage":"fr-FR"}]}},"_links":{"self":[{"href":"https:\/\/sukkatshalom-bneinoach.com\/fr\/wp-json\/wp\/v2\/pages\/22742","targetHints":{"allow":["GET"]}}],"collection":[{"href":"https:\/\/sukkatshalom-bneinoach.com\/fr\/wp-json\/wp\/v2\/pages"}],"about":[{"href":"https:\/\/sukkatshalom-bneinoach.com\/fr\/wp-json\/wp\/v2\/types\/page"}],"author":[{"embeddable":true,"href":"https:\/\/sukkatshalom-bneinoach.com\/fr\/wp-json\/wp\/v2\/users\/1"}],"replies":[{"embeddable":true,"href":"https:\/\/sukkatshalom-bneinoach.com\/fr\/wp-json\/wp\/v2\/comments?post=22742"}],"version-history":[{"count":38,"href":"https:\/\/sukkatshalom-bneinoach.com\/fr\/wp-json\/wp\/v2\/pages\/22742\/revisions"}],"predecessor-version":[{"id":24074,"href":"https:\/\/sukkatshalom-bneinoach.com\/fr\/wp-json\/wp\/v2\/pages\/22742\/revisions\/24074"}],"wp:featuredmedia":[{"embeddable":true,"href":"https:\/\/sukkatshalom-bneinoach.com\/fr\/wp-json\/wp\/v2\/media\/21726"}],"wp:attachment":[{"href":"https:\/\/sukkatshalom-bneinoach.com\/fr\/wp-json\/wp\/v2\/media?parent=22742"}],"curies":[{"name":"wp","href":"https:\/\/api.w.org\/{rel}","templated":true}]}}