{"id":21927,"date":"2025-07-22T18:40:16","date_gmt":"2025-07-22T18:40:16","guid":{"rendered":"https:\/\/staging.sukkatshalom-bneinoach.com\/?page_id=21927"},"modified":"2025-08-17T15:18:45","modified_gmt":"2025-08-17T14:18:45","slug":"404-2","status":"publish","type":"page","link":"https:\/\/sukkatshalom-bneinoach.com\/it\/404-2\/","title":{"rendered":"404"},"content":{"rendered":"","protected":false},"excerpt":{"rendered":"","protected":false},"author":1,"featured_media":0,"parent":0,"menu_order":0,"comment_status":"closed","ping_status":"closed","template":"","meta":{"_acf_changed":false,"footnotes":""},"class_list":["post-21927","page","type-page","status-publish","hentry"],"acf":[],"yoast_head":"<!-- This site is optimized with the Yoast SEO plugin v25.7 - https:\/\/yoast.com\/wordpress\/plugins\/seo\/ -->\n<title>404 - Sukkat Shalom B&#039;nei Noach<\/title>\n<meta name=\"robots\" content=\"index, follow, max-snippet:-1, max-image-preview:large, max-video-preview:-1\" \/>\n<link rel=\"canonical\" href=\"https:\/\/sukkatshalom-bneinoach.com\/it\/404-2\/\" \/>\n<meta property=\"og:locale\" content=\"it_IT\" \/>\n<meta property=\"og:type\" content=\"article\" \/>\n<meta property=\"og:title\" content=\"404 - Sukkat Shalom B&#039;nei Noach\" \/>\n<meta property=\"og:url\" content=\"https:\/\/sukkatshalom-bneinoach.com\/it\/404-2\/\" \/>\n<meta property=\"og:site_name\" content=\"Sukkat Shalom B&#039;nei Noach\" \/>\n<meta property=\"article:modified_time\" content=\"2025-08-17T14:18:45+00:00\" \/>\n<meta name=\"twitter:card\" content=\"summary_large_image\" \/>\n<script type=\"application\/ld+json\" class=\"yoast-schema-graph\">{\"@context\":\"https:\/\/schema.org\",\"@graph\":[{\"@type\":\"WebPage\",\"@id\":\"https:\/\/sukkatshalom-bneinoach.com\/404-2\/\",\"url\":\"https:\/\/sukkatshalom-bneinoach.com\/404-2\/\",\"name\":\"404 - Sukkat Shalom B&#039;nei Noach\",\"isPartOf\":{\"@id\":\"https:\/\/sukkatshalom-bneinoach.com\/it\/#website\"},\"datePublished\":\"2025-07-22T18:40:16+00:00\",\"dateModified\":\"2025-08-17T14:18:45+00:00\",\"breadcrumb\":{\"@id\":\"https:\/\/sukkatshalom-bneinoach.com\/404-2\/#breadcrumb\"},\"inLanguage\":\"it-IT\",\"potentialAction\":[{\"@type\":\"ReadAction\",\"target\":[\"https:\/\/sukkatshalom-bneinoach.com\/404-2\/\"]}]},{\"@type\":\"BreadcrumbList\",\"@id\":\"https:\/\/sukkatshalom-bneinoach.com\/404-2\/#breadcrumb\",\"itemListElement\":[{\"@type\":\"ListItem\",\"position\":1,\"name\":\"Home\",\"item\":\"https:\/\/sukkatshalom-bneinoach.com\/\"},{\"@type\":\"ListItem\",\"position\":2,\"name\":\"404\"}]},{\"@type\":\"WebSite\",\"@id\":\"https:\/\/sukkatshalom-bneinoach.com\/it\/#website\",\"url\":\"https:\/\/sukkatshalom-bneinoach.com\/it\/\",\"name\":\"Sukkat Shalom B&#039;nei Noach\",\"description\":\"Sukkat Shalom is an international community of B&#039;nei Noach - Noahides, where you can find information about Noahism and Judaism.\",\"potentialAction\":[{\"@type\":\"SearchAction\",\"target\":{\"@type\":\"EntryPoint\",\"urlTemplate\":\"https:\/\/sukkatshalom-bneinoach.com\/it\/?s={search_term_string}\"},\"query-input\":{\"@type\":\"PropertyValueSpecification\",\"valueRequired\":true,\"valueName\":\"search_term_string\"}}],\"inLanguage\":\"it-IT\"}]}<\/script>\n<!-- \/ Yoast SEO plugin. -->","yoast_head_json":{"title":"404 - Sukkat Shalom B&#039;nei Noach","robots":{"index":"index","follow":"follow","max-snippet":"max-snippet:-1","max-image-preview":"max-image-preview:large","max-video-preview":"max-video-preview:-1"},"canonical":"https:\/\/sukkatshalom-bneinoach.com\/it\/404-2\/","og_locale":"it_IT","og_type":"article","og_title":"404 - Sukkat Shalom B&#039;nei Noach","og_url":"https:\/\/sukkatshalom-bneinoach.com\/it\/404-2\/","og_site_name":"Sukkat Shalom B&#039;nei Noach","article_modified_time":"2025-08-17T14:18:45+00:00","twitter_card":"summary_large_image","schema":{"@context":"https:\/\/schema.org","@graph":[{"@type":"WebPage","@id":"https:\/\/sukkatshalom-bneinoach.com\/404-2\/","url":"https:\/\/sukkatshalom-bneinoach.com\/404-2\/","name":"404 - Sukkat Shalom B&#039;nei Noach","isPartOf":{"@id":"https:\/\/sukkatshalom-bneinoach.com\/it\/#website"},"datePublished":"2025-07-22T18:40:16+00:00","dateModified":"2025-08-17T14:18:45+00:00","breadcrumb":{"@id":"https:\/\/sukkatshalom-bneinoach.com\/404-2\/#breadcrumb"},"inLanguage":"it-IT","potentialAction":[{"@type":"ReadAction","target":["https:\/\/sukkatshalom-bneinoach.com\/404-2\/"]}]},{"@type":"BreadcrumbList","@id":"https:\/\/sukkatshalom-bneinoach.com\/404-2\/#breadcrumb","itemListElement":[{"@type":"ListItem","position":1,"name":"Home","item":"https:\/\/sukkatshalom-bneinoach.com\/"},{"@type":"ListItem","position":2,"name":"404"}]},{"@type":"WebSite","@id":"https:\/\/sukkatshalom-bneinoach.com\/it\/#website","url":"https:\/\/sukkatshalom-bneinoach.com\/it\/","name":"Sukkat Shalom B&#039;nei Noach","description":"Sukkat Shalom \u00e8 una comunit\u00e0 internazionale di B&amp;#039;nei Noach - Noachidi, dove puoi trovare informazioni sul No\u00e8ismo e sull&#039;Ebraismo.","potentialAction":[{"@type":"SearchAction","target":{"@type":"EntryPoint","urlTemplate":"https:\/\/sukkatshalom-bneinoach.com\/it\/?s={search_term_string}"},"query-input":{"@type":"PropertyValueSpecification","valueRequired":true,"valueName":"search_term_string"}}],"inLanguage":"it-IT"}]}},"_links":{"self":[{"href":"https:\/\/sukkatshalom-bneinoach.com\/it\/wp-json\/wp\/v2\/pages\/21927","targetHints":{"allow":["GET"]}}],"collection":[{"href":"https:\/\/sukkatshalom-bneinoach.com\/it\/wp-json\/wp\/v2\/pages"}],"about":[{"href":"https:\/\/sukkatshalom-bneinoach.com\/it\/wp-json\/wp\/v2\/types\/page"}],"author":[{"embeddable":true,"href":"https:\/\/sukkatshalom-bneinoach.com\/it\/wp-json\/wp\/v2\/users\/1"}],"replies":[{"embeddable":true,"href":"https:\/\/sukkatshalom-bneinoach.com\/it\/wp-json\/wp\/v2\/comments?post=21927"}],"version-history":[{"count":1,"href":"https:\/\/sukkatshalom-bneinoach.com\/it\/wp-json\/wp\/v2\/pages\/21927\/revisions"}],"predecessor-version":[{"id":22737,"href":"https:\/\/sukkatshalom-bneinoach.com\/it\/wp-json\/wp\/v2\/pages\/21927\/revisions\/22737"}],"wp:attachment":[{"href":"https:\/\/sukkatshalom-bneinoach.com\/it\/wp-json\/wp\/v2\/media?parent=21927"}],"curies":[{"name":"parola chiave","href":"https:\/\/api.w.org\/{rel}","templated":true}]}}